

{"id":6844,"date":"2023-05-09T14:43:27","date_gmt":"2023-05-09T12:43:27","guid":{"rendered":"https:\/\/alpes.laterrasse-restaurant.ch\/sommeraktivitaten\/"},"modified":"2025-03-25T14:27:37","modified_gmt":"2025-03-25T13:27:37","slug":"sommeraktivitaten","status":"publish","type":"page","link":"https:\/\/hoteldesarts.ch\/de\/sommeraktivitaten\/","title":{"rendered":"Sommeraktivit\u00e4ten"},"content":{"rendered":"\t\t<div data-elementor-type=\"wp-page\" data-elementor-id=\"6844\" class=\"elementor elementor-6844 elementor-7\">\n\t\t\t\t\t\t\t\t\t<section class=\"elementor-section elementor-top-section elementor-element elementor-element-7e53b626 elementor-section-boxed elementor-section-height-default elementor-section-height-default\" data-id=\"7e53b626\" data-element_type=\"section\">\n\t\t\t\t\t\t<div class=\"elementor-container elementor-column-gap-default\">\n\t\t\t\t\t<div class=\"elementor-column elementor-col-100 elementor-top-column elementor-element elementor-element-5005dfbc\" data-id=\"5005dfbc\" data-element_type=\"column\">\n\t\t\t<div class=\"elementor-widget-wrap\">\n\t\t\t\t\t\t\t\t\t<\/div>\n\t\t<\/div>\n\t\t\t\t\t\t\t<\/div>\n\t\t<\/section>\n\t\t\t\t<section class=\"elementor-section elementor-top-section elementor-element elementor-element-4e58d348 elementor-section-full_width elementor-section-height-default elementor-section-height-default\" data-id=\"4e58d348\" data-element_type=\"section\">\n\t\t\t\t\t\t<div class=\"elementor-container elementor-column-gap-no\">\n\t\t\t\t\t<div class=\"elementor-column elementor-col-100 elementor-top-column elementor-element elementor-element-1aeae4bc\" data-id=\"1aeae4bc\" data-element_type=\"column\">\n\t\t\t<div class=\"elementor-widget-wrap elementor-element-populated\">\n\t\t\t\t\t\t\t\t<div class=\"elementor-element elementor-element-71ad7043 elementor-widget elementor-widget-image\" data-id=\"71ad7043\" data-element_type=\"widget\" data-widget_type=\"image.default\">\n\t\t\t\t<div class=\"elementor-widget-container\">\n\t\t\t<style>\/*! elementor - v3.9.1 - 14-12-2022 *\/\n.elementor-widget-image{text-align:center}.elementor-widget-image a{display:inline-block}.elementor-widget-image a img[src$=\".svg\"]{width:48px}.elementor-widget-image img{vertical-align:middle;display:inline-block}<\/style>\t\t\t\t\t\t\t\t\t\t\t\t<img decoding=\"async\" width=\"1612\" height=\"596\" src=\"https:\/\/hoteldesarts.ch\/wp-content\/uploads\/sites\/4\/2023\/08\/AL-Banner-site-1-2.jpg\" class=\"attachment-full size-full wp-image-6217\" alt=\"\" loading=\"lazy\" srcset=\"https:\/\/hoteldesarts.ch\/wp-content\/uploads\/sites\/4\/2023\/08\/AL-Banner-site-1-2.jpg 1612w, https:\/\/hoteldesarts.ch\/wp-content\/uploads\/sites\/4\/2023\/08\/AL-Banner-site-1-2-300x111.jpg 300w, https:\/\/hoteldesarts.ch\/wp-content\/uploads\/sites\/4\/2023\/08\/AL-Banner-site-1-2-1024x379.jpg 1024w, https:\/\/hoteldesarts.ch\/wp-content\/uploads\/sites\/4\/2023\/08\/AL-Banner-site-1-2-768x284.jpg 768w, https:\/\/hoteldesarts.ch\/wp-content\/uploads\/sites\/4\/2023\/08\/AL-Banner-site-1-2-1536x568.jpg 1536w\" sizes=\"(max-width: 1612px) 100vw, 1612px\" \/>\t\t\t\t\t\t\t\t\t\t\t\t\t\t\t<\/div>\n\t\t\t\t<\/div>\n\t\t\t\t\t<\/div>\n\t\t<\/div>\n\t\t\t\t\t\t\t<\/div>\n\t\t<\/section>\n\t\t\t\t<section class=\"elementor-section elementor-top-section elementor-element elementor-element-16a1c8eb section-padding-top elementor-section-boxed elementor-section-height-default elementor-section-height-default\" data-id=\"16a1c8eb\" data-element_type=\"section\">\n\t\t\t\t\t\t<div class=\"elementor-container elementor-column-gap-default\">\n\t\t\t\t\t<div class=\"elementor-column elementor-col-100 elementor-top-column elementor-element elementor-element-3d32ad49\" data-id=\"3d32ad49\" data-element_type=\"column\">\n\t\t\t<div class=\"elementor-widget-wrap\">\n\t\t\t\t\t\t\t\t\t<\/div>\n\t\t<\/div>\n\t\t\t\t\t\t\t<\/div>\n\t\t<\/section>\n\t\t\t\t<section class=\"elementor-section elementor-top-section elementor-element elementor-element-5cfe5079 elementor-section-boxed elementor-section-height-default elementor-section-height-default\" data-id=\"5cfe5079\" data-element_type=\"section\">\n\t\t\t\t\t\t<div class=\"elementor-container elementor-column-gap-default\">\n\t\t\t\t\t<div class=\"elementor-column elementor-col-100 elementor-top-column elementor-element elementor-element-3a97f25a\" data-id=\"3a97f25a\" data-element_type=\"column\">\n\t\t\t<div class=\"elementor-widget-wrap elementor-element-populated\">\n\t\t\t\t\t\t\t\t<div class=\"elementor-element elementor-element-4865fef9 section-subtitle elementor-widget elementor-widget-heading\" data-id=\"4865fef9\" data-element_type=\"widget\" data-widget_type=\"heading.default\">\n\t\t\t\t<div class=\"elementor-widget-container\">\n\t\t\t<style>\/*! elementor - v3.9.1 - 14-12-2022 *\/\n.elementor-heading-title{padding:0;margin:0;line-height:1}.elementor-widget-heading .elementor-heading-title[class*=elementor-size-]>a{color:inherit;font-size:inherit;line-height:inherit}.elementor-widget-heading .elementor-heading-title.elementor-size-small{font-size:15px}.elementor-widget-heading .elementor-heading-title.elementor-size-medium{font-size:19px}.elementor-widget-heading .elementor-heading-title.elementor-size-large{font-size:29px}.elementor-widget-heading .elementor-heading-title.elementor-size-xl{font-size:39px}.elementor-widget-heading .elementor-heading-title.elementor-size-xxl{font-size:59px}<\/style><h2 class=\"elementor-heading-title elementor-size-default\">Erholung & Ausbruch<\/h2>\t\t<\/div>\n\t\t\t\t<\/div>\n\t\t\t\t<div class=\"elementor-element elementor-element-2744d35f elementor-widget elementor-widget-heading\" data-id=\"2744d35f\" data-element_type=\"widget\" data-widget_type=\"heading.default\">\n\t\t\t\t<div class=\"elementor-widget-container\">\n\t\t\t<h2 class=\"elementor-heading-title elementor-size-default\">Sommeraktivit\u00e4ten<\/h2>\t\t<\/div>\n\t\t\t\t<\/div>\n\t\t\t\t<div class=\"elementor-element elementor-element-36ecfdd8 elementor-widget elementor-widget-text-editor\" data-id=\"36ecfdd8\" data-element_type=\"widget\" data-widget_type=\"text-editor.default\">\n\t\t\t\t<div class=\"elementor-widget-container\">\n\t\t\t<style>\/*! elementor - v3.9.1 - 14-12-2022 *\/\n.elementor-widget-text-editor.elementor-drop-cap-view-stacked .elementor-drop-cap{background-color:#818a91;color:#fff}.elementor-widget-text-editor.elementor-drop-cap-view-framed .elementor-drop-cap{color:#818a91;border:3px solid;background-color:transparent}.elementor-widget-text-editor:not(.elementor-drop-cap-view-default) .elementor-drop-cap{margin-top:8px}.elementor-widget-text-editor:not(.elementor-drop-cap-view-default) .elementor-drop-cap-letter{width:1em;height:1em}.elementor-widget-text-editor .elementor-drop-cap{float:left;text-align:center;line-height:1;font-size:50px}.elementor-widget-text-editor .elementor-drop-cap-letter{display:inline-block}<\/style>\t\t\t\t<p>Gehen Sie diesen Sommer auf Entdeckungsreise im Kanton Neuch\u00e2tel.\u00a0<\/p><p>Hier finden Sie einige Ideen f\u00fcr Aktivit\u00e4ten, die Sie als Paar, mit der Familie oder mit Freunden w\u00e4hrend Ihres Aufenthalts in unserer sch\u00f6nen Region unternehmen k\u00f6nnen.<\/p><p>Mit der Neuch\u00e2tel Tourist Card fahren Sie im gesamten Kanton kostenlos mit \u00f6ffentlichen Verkehrsmitteln. Sie haben auch freien Eintritt in 31 Museen und profitieren von vielen anderen Aktivit\u00e4ten: <a href=\"https:\/\/www.j3l.ch\/de\/Z10779\/neuenburg-tourist-card\"><u>Angebot ansehen<\/u><\/a><\/p><p>Haben Sie noch Fragen? Unser Team steht Ihnen gerne zur Verf\u00fcgung, um Ihren Aufenthalt so reibungslos wie m\u00f6glich zu gestalten!<\/p><p><em><strong>NB: Die Preise, Zeiten und sonstigen Informationen werden rein informativ bereitgestellt. Wir k\u00f6nnen nicht f\u00fcr falsche Informationen haftbar gemacht werden.<\/strong><\/em><\/p>\t\t\t\t\t\t<\/div>\n\t\t\t\t<\/div>\n\t\t\t\t\t<\/div>\n\t\t<\/div>\n\t\t\t\t\t\t\t<\/div>\n\t\t<\/section>\n\t\t\t\t<section class=\"elementor-section elementor-top-section elementor-element elementor-element-3c4d7df7 elementor-section-boxed elementor-section-height-default elementor-section-height-default\" data-id=\"3c4d7df7\" data-element_type=\"section\">\n\t\t\t\t\t\t<div class=\"elementor-container elementor-column-gap-default\">\n\t\t\t\t\t<div class=\"elementor-column elementor-col-100 elementor-top-column elementor-element elementor-element-4c087b65\" data-id=\"4c087b65\" data-element_type=\"column\">\n\t\t\t<div class=\"elementor-widget-wrap elementor-element-populated\">\n\t\t\t\t\t\t\t\t<div class=\"elementor-element elementor-element-3fa8e070 elementor-widget elementor-widget-shortcode\" data-id=\"3fa8e070\" data-element_type=\"widget\" data-widget_type=\"shortcode.default\">\n\t\t\t\t<div class=\"elementor-widget-container\">\n\t\t\t\t\t<div class=\"elementor-shortcode\"><div class=\"row\">            <div class=\"col-md-6\">\n                <div class=\"query-row\">\n                    <a class=\"query-field-link\" href=\"https:\/\/hoteldesarts.ch\/de\/2024\/06\/10\/neuchatel-tourist-card\/\">\n                        <div class=\"query-field query-field-featured_image\">\n                            <img width=\"1065\" height=\"700\" src=\"https:\/\/hoteldesarts.ch\/wp-content\/uploads\/sites\/4\/2023\/12\/NTC2024_web.jpg\" class=\"attachment-full size-full wp-post-image\" alt=\"\" decoding=\"async\" loading=\"lazy\" srcset=\"https:\/\/hoteldesarts.ch\/wp-content\/uploads\/sites\/4\/2023\/12\/NTC2024_web.jpg 1065w, https:\/\/hoteldesarts.ch\/wp-content\/uploads\/sites\/4\/2023\/12\/NTC2024_web-300x197.jpg 300w, https:\/\/hoteldesarts.ch\/wp-content\/uploads\/sites\/4\/2023\/12\/NTC2024_web-1024x673.jpg 1024w, https:\/\/hoteldesarts.ch\/wp-content\/uploads\/sites\/4\/2023\/12\/NTC2024_web-768x505.jpg 768w\" sizes=\"(max-width: 1065px) 100vw, 1065px\" \/>                        <\/div>\n                     \n                        <div class=\"query-field query-field-post_title\">\n                            <div class=\"query-field-post_title\">Neuch\u00e2tel Tourist Card<\/div>\n                        <\/div>\n                    <\/a>\n                <\/div>\n            <\/div>\n                        <div class=\"col-md-6\">\n                <div class=\"query-row\">\n                    <a class=\"query-field-link\" href=\"https:\/\/hoteldesarts.ch\/de\/2023\/06\/13\/wanderungen\/\">\n                        <div class=\"query-field query-field-featured_image\">\n                            <img width=\"555\" height=\"370\" src=\"https:\/\/hoteldesarts.ch\/wp-content\/uploads\/sites\/4\/2023\/06\/Activites-ski-categorie.jpeg\" class=\"attachment-full size-full wp-post-image\" alt=\"\" decoding=\"async\" loading=\"lazy\" srcset=\"https:\/\/hoteldesarts.ch\/wp-content\/uploads\/sites\/4\/2023\/06\/Activites-ski-categorie.jpeg 555w, https:\/\/hoteldesarts.ch\/wp-content\/uploads\/sites\/4\/2023\/06\/Activites-ski-categorie-300x200.jpeg 300w\" sizes=\"(max-width: 555px) 100vw, 555px\" \/>                        <\/div>\n                     \n                        <div class=\"query-field query-field-post_title\">\n                            <div class=\"query-field-post_title\">Wanderungen<\/div>\n                        <\/div>\n                    <\/a>\n                <\/div>\n            <\/div>\n                        <div class=\"col-md-6\">\n                <div class=\"query-row\">\n                    <a class=\"query-field-link\" href=\"https:\/\/hoteldesarts.ch\/de\/2023\/06\/13\/familienspass\/\">\n                        <div class=\"query-field query-field-featured_image\">\n                            <img width=\"1024\" height=\"683\" src=\"https:\/\/hoteldesarts.ch\/wp-content\/uploads\/sites\/4\/2023\/06\/Accrobranche-1024x683-1.jpg\" class=\"attachment-full size-full wp-post-image\" alt=\"\" decoding=\"async\" loading=\"lazy\" srcset=\"https:\/\/hoteldesarts.ch\/wp-content\/uploads\/sites\/4\/2023\/06\/Accrobranche-1024x683-1.jpg 1024w, https:\/\/hoteldesarts.ch\/wp-content\/uploads\/sites\/4\/2023\/06\/Accrobranche-1024x683-1-300x200.jpg 300w, https:\/\/hoteldesarts.ch\/wp-content\/uploads\/sites\/4\/2023\/06\/Accrobranche-1024x683-1-768x512.jpg 768w\" sizes=\"(max-width: 1024px) 100vw, 1024px\" \/>                        <\/div>\n                     \n                        <div class=\"query-field query-field-post_title\">\n                            <div class=\"query-field-post_title\">Familienspass<\/div>\n                        <\/div>\n                    <\/a>\n                <\/div>\n            <\/div>\n                        <div class=\"col-md-6\">\n                <div class=\"query-row\">\n                    <a class=\"query-field-link\" href=\"https:\/\/hoteldesarts.ch\/de\/2023\/06\/19\/strande-pools\/\">\n                        <div class=\"query-field query-field-featured_image\">\n                            <img width=\"555\" height=\"370\" src=\"https:\/\/hoteldesarts.ch\/wp-content\/uploads\/sites\/4\/2023\/06\/AL-Banner-site-2-6.jpg\" class=\"attachment-full size-full wp-post-image\" alt=\"\" decoding=\"async\" loading=\"lazy\" srcset=\"https:\/\/hoteldesarts.ch\/wp-content\/uploads\/sites\/4\/2023\/06\/AL-Banner-site-2-6.jpg 555w, https:\/\/hoteldesarts.ch\/wp-content\/uploads\/sites\/4\/2023\/06\/AL-Banner-site-2-6-300x200.jpg 300w\" sizes=\"(max-width: 555px) 100vw, 555px\" \/>                        <\/div>\n                     \n                        <div class=\"query-field query-field-post_title\">\n                            <div class=\"query-field-post_title\">Str\u00e4nde &#038; Pools<\/div>\n                        <\/div>\n                    <\/a>\n                <\/div>\n            <\/div>\n                        <div class=\"col-md-6\">\n                <div class=\"query-row\">\n                    <a class=\"query-field-link\" href=\"https:\/\/hoteldesarts.ch\/de\/2023\/06\/19\/bei-regenwetter\/\">\n                        <div class=\"query-field query-field-featured_image\">\n                            <img width=\"555\" height=\"370\" src=\"https:\/\/hoteldesarts.ch\/wp-content\/uploads\/sites\/4\/2023\/06\/AL-Banner-site-2-7.jpg\" class=\"attachment-full size-full wp-post-image\" alt=\"\" decoding=\"async\" loading=\"lazy\" srcset=\"https:\/\/hoteldesarts.ch\/wp-content\/uploads\/sites\/4\/2023\/06\/AL-Banner-site-2-7.jpg 555w, https:\/\/hoteldesarts.ch\/wp-content\/uploads\/sites\/4\/2023\/06\/AL-Banner-site-2-7-300x200.jpg 300w\" sizes=\"(max-width: 555px) 100vw, 555px\" \/>                        <\/div>\n                     \n                        <div class=\"query-field query-field-post_title\">\n                            <div class=\"query-field-post_title\">Bei Regenwetter<\/div>\n                        <\/div>\n                    <\/a>\n                <\/div>\n            <\/div>\n            <\/div><\/div>\n\t\t\t\t<\/div>\n\t\t\t\t<\/div>\n\t\t\t\t\t<\/div>\n\t\t<\/div>\n\t\t\t\t\t\t\t<\/div>\n\t\t<\/section>\n\t\t\t\t<section class=\"elementor-section elementor-top-section elementor-element elementor-element-f4017b elementor-section-full_width elementor-section-height-default elementor-section-height-default\" data-id=\"f4017b\" data-element_type=\"section\">\n\t\t\t\t\t\t<div class=\"elementor-container elementor-column-gap-default\">\n\t\t\t\t\t<div class=\"elementor-column elementor-col-100 elementor-top-column elementor-element elementor-element-ad8b9b9\" data-id=\"ad8b9b9\" data-element_type=\"column\">\n\t\t\t<div class=\"elementor-widget-wrap elementor-element-populated\">\n\t\t\t\t\t\t\t\t<div class=\"elementor-element elementor-element-aa6a942 elementor-align-center elementor-widget elementor-widget-home-video\" data-id=\"aa6a942\" data-element_type=\"widget\" data-widget_type=\"home-video.default\">\n\t\t\t\t<div class=\"elementor-widget-container\">\n\t\t\t\r\n\t\t\t\t<section class=\"video-wrapper video section-padding bg-img bg-fixed\" data-overlay-dark=\"3\" data-background=\"https:\/\/hoteldesarts.ch\/wp-content\/uploads\/sites\/4\/2023\/07\/AL-Banner-restaurant.jpg\">\r\n\t\t\t\t\t<h2 style=\"display: none!important;\">The Cappa<\/h2>\r\n\t\t\t<div class=\"container\">\r\n\t\t\t\t<div class=\"row\">\r\n\t\t\t\t\t<div class=\"col-md-8 offset-md-2 text-center\">\r\n\t\t\t\t\t\t<span><i class=\"star-rating\"><\/i><i class=\"star-rating\"><\/i><i class=\"star-rating\"><\/i><i class=\"star-rating\"><\/i><i class=\"star-rating\"><\/i><\/span>\r\n\t\t\t\t\t\t\t\t\t\t\t\t<div class=\"section-subtitle\"><span>It is Sub Heading<\/span><\/div>\r\n\t\t\t\t\t\t\t\t\t\t\t\t\t\t\t\t\t\t<div class=\"section-title\"><span>It is Heading<\/span><\/div>\r\n\t\t\t\t\t\t\t\t\t\t\t<\/div>\r\n\t\t\t\t<\/div>\r\n\t\t\t\t<div class=\"row\">\r\n\t\t\t\t\t\t\t\t\t\t\t<div class=\"text-center col-md-12\">\r\n\t\t\t\t\t\t\t<a class=\"vid\" href=\"It is Video Link\">\r\n\t\t\t\t\t\t\t\t<div class=\"vid-butn\">\r\n\t\t\t\t\t\t\t\t\t<span class=\"icon\">\r\n\t\t\t\t\t\t\t\t\t\t<i class=\"ti-control-play\"><\/i>\r\n\t\t\t\t\t\t\t\t\t<\/span>\r\n\t\t\t\t\t\t\t\t<\/div>\r\n\t\t\t\t\t\t\t<\/a>\r\n\t\t\t\t\t\t<\/div>\r\n\t\t\t\t\t\t\t\t\t<\/div>\r\n\t\t\t<\/div>\r\n\t\t<\/section>\r\n\r\n\t\t\t<\/div>\n\t\t\t\t<\/div>\n\t\t\t\t\t<\/div>\n\t\t<\/div>\n\t\t\t\t\t\t\t<\/div>\n\t\t<\/section>\n\t\t\t\t<section class=\"elementor-section elementor-top-section elementor-element elementor-element-f2caab2 elementor-section-boxed elementor-section-height-default elementor-section-height-default\" data-id=\"f2caab2\" data-element_type=\"section\">\n\t\t\t\t\t\t<div class=\"elementor-container elementor-column-gap-default\">\n\t\t\t\t\t<div class=\"elementor-column elementor-col-100 elementor-top-column elementor-element elementor-element-c468041\" data-id=\"c468041\" data-element_type=\"column\">\n\t\t\t<div class=\"elementor-widget-wrap elementor-element-populated\">\n\t\t\t\t\t\t\t\t<div class=\"elementor-element elementor-element-b522810 elementor-widget elementor-widget-heading\" data-id=\"b522810\" data-element_type=\"widget\" data-widget_type=\"heading.default\">\n\t\t\t\t<div class=\"elementor-widget-container\">\n\t\t\t<h2 class=\"elementor-heading-title elementor-size-default\">Unsere Einrichtungen in Neuch\u00e2tel<\/h2>\t\t<\/div>\n\t\t\t\t<\/div>\n\t\t\t\t\t<\/div>\n\t\t<\/div>\n\t\t\t\t\t\t\t<\/div>\n\t\t<\/section>\n\t\t\t\t<section class=\"elementor-section elementor-top-section elementor-element elementor-element-a336e47 elementor-section-boxed elementor-section-height-default elementor-section-height-default\" data-id=\"a336e47\" data-element_type=\"section\">\n\t\t\t\t\t\t<div class=\"elementor-container elementor-column-gap-default\">\n\t\t\t\t\t<div class=\"elementor-column elementor-col-20 elementor-top-column elementor-element elementor-element-3ea37f6\" data-id=\"3ea37f6\" data-element_type=\"column\">\n\t\t\t<div class=\"elementor-widget-wrap elementor-element-populated\">\n\t\t\t\t\t\t\t\t<div class=\"elementor-element elementor-element-6e59fbe elementor-widget elementor-widget-image\" data-id=\"6e59fbe\" data-element_type=\"widget\" data-widget_type=\"image.default\">\n\t\t\t\t<div class=\"elementor-widget-container\">\n\t\t\t\t\t\t\t\t\t\t\t\t\t\t\t\t<a href=\"https:\/\/alpesetlac.ch\/\">\n\t\t\t\t\t\t\t<img decoding=\"async\" width=\"400\" height=\"250\" src=\"https:\/\/hoteldesarts.ch\/wp-content\/uploads\/sites\/4\/2023\/08\/Logo_AL.png\" class=\"attachment-full size-full wp-image-6037\" alt=\"\" loading=\"lazy\" srcset=\"https:\/\/hoteldesarts.ch\/wp-content\/uploads\/sites\/4\/2023\/08\/Logo_AL.png 400w, https:\/\/hoteldesarts.ch\/wp-content\/uploads\/sites\/4\/2023\/08\/Logo_AL-300x188.png 300w\" sizes=\"(max-width: 400px) 100vw, 400px\" \/>\t\t\t\t\t\t\t\t<\/a>\n\t\t\t\t\t\t\t\t\t\t\t\t\t\t\t<\/div>\n\t\t\t\t<\/div>\n\t\t\t\t\t<\/div>\n\t\t<\/div>\n\t\t\t\t<div class=\"elementor-column elementor-col-20 elementor-top-column elementor-element elementor-element-a8c6609\" data-id=\"a8c6609\" data-element_type=\"column\">\n\t\t\t<div class=\"elementor-widget-wrap elementor-element-populated\">\n\t\t\t\t\t\t\t\t<div class=\"elementor-element elementor-element-8cc1374 elementor-widget elementor-widget-image\" data-id=\"8cc1374\" data-element_type=\"widget\" data-widget_type=\"image.default\">\n\t\t\t\t<div class=\"elementor-widget-container\">\n\t\t\t\t\t\t\t\t\t\t\t\t\t\t\t\t<a href=\"https:\/\/hotelarnold.ch\/\" target=\"_blank\">\n\t\t\t\t\t\t\t<img decoding=\"async\" width=\"400\" height=\"250\" src=\"https:\/\/hoteldesarts.ch\/wp-content\/uploads\/sites\/4\/2025\/03\/ArnoldCo_site_ref.jpg\" class=\"attachment-full size-full wp-image-8495\" alt=\"\" loading=\"lazy\" srcset=\"https:\/\/hoteldesarts.ch\/wp-content\/uploads\/sites\/4\/2025\/03\/ArnoldCo_site_ref.jpg 400w, https:\/\/hoteldesarts.ch\/wp-content\/uploads\/sites\/4\/2025\/03\/ArnoldCo_site_ref-300x188.jpg 300w\" sizes=\"(max-width: 400px) 100vw, 400px\" \/>\t\t\t\t\t\t\t\t<\/a>\n\t\t\t\t\t\t\t\t\t\t\t\t\t\t\t<\/div>\n\t\t\t\t<\/div>\n\t\t\t\t\t<\/div>\n\t\t<\/div>\n\t\t\t\t<div class=\"elementor-column elementor-col-20 elementor-top-column elementor-element elementor-element-c42e532\" data-id=\"c42e532\" data-element_type=\"column\">\n\t\t\t<div class=\"elementor-widget-wrap elementor-element-populated\">\n\t\t\t\t\t\t\t\t<div class=\"elementor-element elementor-element-1f19176 elementor-widget elementor-widget-image\" data-id=\"1f19176\" data-element_type=\"widget\" data-widget_type=\"image.default\">\n\t\t\t\t<div class=\"elementor-widget-container\">\n\t\t\t\t\t\t\t\t\t\t\t\t\t\t\t\t<a href=\"https:\/\/laterrasse-restaurant.ch\/\">\n\t\t\t\t\t\t\t<img decoding=\"async\" width=\"400\" height=\"250\" src=\"https:\/\/hoteldesarts.ch\/wp-content\/uploads\/sites\/4\/2023\/07\/Logo_LaTerrasse.png\" class=\"attachment-full size-full wp-image-4718\" alt=\"\" loading=\"lazy\" srcset=\"https:\/\/hoteldesarts.ch\/wp-content\/uploads\/sites\/4\/2023\/07\/Logo_LaTerrasse.png 400w, https:\/\/hoteldesarts.ch\/wp-content\/uploads\/sites\/4\/2023\/07\/Logo_LaTerrasse-300x188.png 300w\" sizes=\"(max-width: 400px) 100vw, 400px\" \/>\t\t\t\t\t\t\t\t<\/a>\n\t\t\t\t\t\t\t\t\t\t\t\t\t\t\t<\/div>\n\t\t\t\t<\/div>\n\t\t\t\t\t<\/div>\n\t\t<\/div>\n\t\t\t\t<div class=\"elementor-column elementor-col-20 elementor-top-column elementor-element elementor-element-1635699\" data-id=\"1635699\" data-element_type=\"column\">\n\t\t\t<div class=\"elementor-widget-wrap elementor-element-populated\">\n\t\t\t\t\t\t\t\t<div class=\"elementor-element elementor-element-b982e56 elementor-widget elementor-widget-image\" data-id=\"b982e56\" data-element_type=\"widget\" data-widget_type=\"image.default\">\n\t\t\t\t<div class=\"elementor-widget-container\">\n\t\t\t\t\t\t\t\t\t\t\t\t\t\t\t\t<a href=\"https:\/\/lebart.ch\/fr\/\">\n\t\t\t\t\t\t\t<img decoding=\"async\" width=\"400\" height=\"250\" src=\"https:\/\/hoteldesarts.ch\/wp-content\/uploads\/sites\/4\/2023\/07\/Logo_BArt.png\" class=\"attachment-full size-full wp-image-4700\" alt=\"\" loading=\"lazy\" srcset=\"https:\/\/hoteldesarts.ch\/wp-content\/uploads\/sites\/4\/2023\/07\/Logo_BArt.png 400w, https:\/\/hoteldesarts.ch\/wp-content\/uploads\/sites\/4\/2023\/07\/Logo_BArt-300x188.png 300w\" sizes=\"(max-width: 400px) 100vw, 400px\" \/>\t\t\t\t\t\t\t\t<\/a>\n\t\t\t\t\t\t\t\t\t\t\t\t\t\t\t<\/div>\n\t\t\t\t<\/div>\n\t\t\t\t\t<\/div>\n\t\t<\/div>\n\t\t\t\t<div class=\"elementor-column elementor-col-20 elementor-top-column elementor-element elementor-element-07d35b5\" data-id=\"07d35b5\" data-element_type=\"column\">\n\t\t\t<div class=\"elementor-widget-wrap elementor-element-populated\">\n\t\t\t\t\t\t\t\t<div class=\"elementor-element elementor-element-3b0d130 elementor-widget elementor-widget-image\" data-id=\"3b0d130\" data-element_type=\"widget\" data-widget_type=\"image.default\">\n\t\t\t\t<div class=\"elementor-widget-container\">\n\t\t\t\t\t\t\t\t\t\t\t\t\t\t\t<img decoding=\"async\" width=\"400\" height=\"250\" src=\"https:\/\/hoteldesarts.ch\/wp-content\/uploads\/sites\/4\/2024\/06\/Logo_Swisstainable_site_v2.png\" class=\"attachment-full size-full wp-image-8086\" alt=\"\" loading=\"lazy\" srcset=\"https:\/\/hoteldesarts.ch\/wp-content\/uploads\/sites\/4\/2024\/06\/Logo_Swisstainable_site_v2.png 400w, https:\/\/hoteldesarts.ch\/wp-content\/uploads\/sites\/4\/2024\/06\/Logo_Swisstainable_site_v2-300x188.png 300w\" sizes=\"(max-width: 400px) 100vw, 400px\" \/>\t\t\t\t\t\t\t\t\t\t\t\t\t\t\t<\/div>\n\t\t\t\t<\/div>\n\t\t\t\t\t<\/div>\n\t\t<\/div>\n\t\t\t\t\t\t\t<\/div>\n\t\t<\/section>\n\t\t\t\t\t\t\t<\/div>\n\t\t","protected":false},"excerpt":{"rendered":"<p>Erholung &#038; Ausbruch Sommeraktivit\u00e4ten Gehen Sie diesen Sommer auf Entdeckungsreise im Kanton Neuch\u00e2tel.\u00a0Hier finden Sie einige Ideen f\u00fcr Aktivit\u00e4ten, die Sie als Paar, mit der Familie oder mit Freunden w\u00e4hrend Ihres Aufenthalts in unserer sch\u00f6nen Region unternehmen k\u00f6nnen.Mit der Neuch\u00e2tel Tourist Card fahren Sie im gesamten Kanton kostenlos mit \u00f6ffentlichen Verkehrsmitteln. Sie haben auch freien [&hellip;]<\/p>\n","protected":false},"author":1,"featured_media":0,"parent":0,"menu_order":0,"comment_status":"closed","ping_status":"closed","template":"page-templates\/home.php","meta":[],"acf":[],"_links":{"self":[{"href":"https:\/\/hoteldesarts.ch\/de\/wp-json\/wp\/v2\/pages\/6844"}],"collection":[{"href":"https:\/\/hoteldesarts.ch\/de\/wp-json\/wp\/v2\/pages"}],"about":[{"href":"https:\/\/hoteldesarts.ch\/de\/wp-json\/wp\/v2\/types\/page"}],"author":[{"embeddable":true,"href":"https:\/\/hoteldesarts.ch\/de\/wp-json\/wp\/v2\/users\/1"}],"replies":[{"embeddable":true,"href":"https:\/\/hoteldesarts.ch\/de\/wp-json\/wp\/v2\/comments?post=6844"}],"version-history":[{"count":18,"href":"https:\/\/hoteldesarts.ch\/de\/wp-json\/wp\/v2\/pages\/6844\/revisions"}],"predecessor-version":[{"id":8575,"href":"https:\/\/hoteldesarts.ch\/de\/wp-json\/wp\/v2\/pages\/6844\/revisions\/8575"}],"wp:attachment":[{"href":"https:\/\/hoteldesarts.ch\/de\/wp-json\/wp\/v2\/media?parent=6844"}],"curies":[{"name":"wp","href":"https:\/\/api.w.org\/{rel}","templated":true}]}}