

{"id":6703,"date":"2022-04-29T02:57:41","date_gmt":"2022-04-29T00:57:41","guid":{"rendered":"https:\/\/alpes.laterrasse-restaurant.ch\/contact\/"},"modified":"2026-01-19T18:13:00","modified_gmt":"2026-01-19T17:13:00","slug":"contact","status":"publish","type":"page","link":"https:\/\/hoteldesarts.ch\/de\/contact\/","title":{"rendered":"Kontakt"},"content":{"rendered":"\t\t<div data-elementor-type=\"wp-page\" data-elementor-id=\"6703\" class=\"elementor elementor-6703 elementor-26\">\n\t\t\t\t\t\t\t\t\t<section class=\"elementor-section elementor-top-section elementor-element elementor-element-72d31dcd elementor-section-full_width elementor-section-height-default elementor-section-height-default\" data-id=\"72d31dcd\" data-element_type=\"section\">\n\t\t\t\t\t\t<div class=\"elementor-container elementor-column-gap-no\">\n\t\t\t\t\t<div class=\"elementor-column elementor-col-100 elementor-top-column elementor-element elementor-element-41483fc7\" data-id=\"41483fc7\" data-element_type=\"column\">\n\t\t\t<div class=\"elementor-widget-wrap elementor-element-populated\">\n\t\t\t\t\t\t\t\t<div class=\"elementor-element elementor-element-9a88bc8 elementor-widget elementor-widget-image\" data-id=\"9a88bc8\" data-element_type=\"widget\" data-widget_type=\"image.default\">\n\t\t\t\t<div class=\"elementor-widget-container\">\n\t\t\t<style>\/*! elementor - v3.9.1 - 14-12-2022 *\/\n.elementor-widget-image{text-align:center}.elementor-widget-image a{display:inline-block}.elementor-widget-image a img[src$=\".svg\"]{width:48px}.elementor-widget-image img{vertical-align:middle;display:inline-block}<\/style>\t\t\t\t\t\t\t\t\t\t\t\t<img decoding=\"async\" width=\"1612\" height=\"596\" src=\"https:\/\/hoteldesarts.ch\/wp-content\/uploads\/sites\/4\/2023\/08\/AL-Banner-site-1-2.jpg\" class=\"attachment-full size-full wp-image-6217\" alt=\"\" loading=\"lazy\" srcset=\"https:\/\/hoteldesarts.ch\/wp-content\/uploads\/sites\/4\/2023\/08\/AL-Banner-site-1-2.jpg 1612w, https:\/\/hoteldesarts.ch\/wp-content\/uploads\/sites\/4\/2023\/08\/AL-Banner-site-1-2-300x111.jpg 300w, https:\/\/hoteldesarts.ch\/wp-content\/uploads\/sites\/4\/2023\/08\/AL-Banner-site-1-2-1024x379.jpg 1024w, https:\/\/hoteldesarts.ch\/wp-content\/uploads\/sites\/4\/2023\/08\/AL-Banner-site-1-2-768x284.jpg 768w, https:\/\/hoteldesarts.ch\/wp-content\/uploads\/sites\/4\/2023\/08\/AL-Banner-site-1-2-1536x568.jpg 1536w\" sizes=\"(max-width: 1612px) 100vw, 1612px\" \/>\t\t\t\t\t\t\t\t\t\t\t\t\t\t\t<\/div>\n\t\t\t\t<\/div>\n\t\t\t\t\t<\/div>\n\t\t<\/div>\n\t\t\t\t\t\t\t<\/div>\n\t\t<\/section>\n\t\t\t\t<section class=\"elementor-section elementor-top-section elementor-element elementor-element-1e7e0c0a elementor-section-full_width elementor-section-height-default elementor-section-height-default\" data-id=\"1e7e0c0a\" data-element_type=\"section\">\n\t\t\t\t\t\t<div class=\"elementor-container elementor-column-gap-no\">\n\t\t\t\t\t<div class=\"elementor-column elementor-col-100 elementor-top-column elementor-element elementor-element-427f05c3\" data-id=\"427f05c3\" data-element_type=\"column\">\n\t\t\t<div class=\"elementor-widget-wrap elementor-element-populated\">\n\t\t\t\t\t\t\t\t<div class=\"elementor-element elementor-element-75fc5b8c elementor-align-left elementor-widget elementor-widget-pages-contact\" data-id=\"75fc5b8c\" data-element_type=\"widget\" data-widget_type=\"pages-contact.default\">\n\t\t\t\t<div class=\"elementor-widget-container\">\n\t\t\t\r\n\t\t<section class=\"contact section-padding\">\r\n\t\t\t<div class=\"container\">\r\n\t\t\t\t<div class=\"row mb-90\">\r\n\t\t\t\t\t<div class=\"col-md-6 mb-60\">\r\n\t\t\t\t\t\t\t\t\t\t\t\t<h3>Kontakt<\/h3>\r\n\t\t\t\t\t\t\t\t\t\t\t\t\r\n\t\t\t\t\t\t\t\t\t\t\t\t<div class=\"reservations mb-30\">\r\n\t\t\t\t\t\t\t\t\t\t\t\t\t\t<div class=\"icon\"><span class=\"flaticon-call\"><\/span><\/div>\r\n\t\t\t\t\t\t\t\t\t\t\t\t\t\t\t\t\t\t\t\t\t<div class=\"text\">\r\n\t\t\t\t\t\t\t\t<p>Buchung<\/p> <a href=\"tel:+41327276161\">032 727 61 61<\/a>\t\t\t\t\t\t\t<\/div>\r\n\t\t\t\t\t\t\t\t\t\t\t\t\t<\/div>\r\n\t\t\t\t\t\t\t\t\t\t\t\t<div class=\"reservations mb-30\">\r\n\t\t\t\t\t\t\t\t\t\t\t\t\t\t<div class=\"icon\"><span class=\"flaticon-envelope\"><\/span><\/div>\r\n\t\t\t\t\t\t\t\t\t\t\t\t\t\t\t\t\t\t\t\t\t<div class=\"text\">\r\n\t\t\t\t\t\t\t\t<p>E-Mail<\/p> <a href=\"mailto:info@hoteldesarts.ch\">info@hoteldesarts.ch<\/a>\t\t\t\t\t\t\t<\/div>\r\n\t\t\t\t\t\t\t\t\t\t\t\t\t<\/div>\r\n\t\t\t\t\t\t\t\t\t\t\t\t<div class=\"reservations mb-30\">\r\n\t\t\t\t\t\t\t\t\t\t\t\t\t\t<div class=\"icon\"><span class=\"flaticon-location-pin\"><\/span><\/div>\r\n\t\t\t\t\t\t\t\t\t\t\t\t\t\t\t\t\t\t\t\t\t<div class=\"text\">\r\n\t\t\t\t\t\t\t\t<p>Adresse<\/p>Rue J.-L. Pourtal\u00e8s 3 <br \/>2000 Neuch\u00e2tel\t\t\t\t\t\t\t<\/div>\r\n\t\t\t\t\t\t\t\t\t\t\t\t\t<\/div>\r\n\t\t\t\t\t\t\t\t\t\t\t\t\t\t\t\t\t\t<p><h3>Anreise:<\/h3>\n<strong>Mit dem Auto:<\/strong><br \/>\n\nWir haben keine privaten Parkpl\u00e4tze, bieten Ihnen jedoch bei Ihrer Ankunft eine Parkgenehmigung f\u00fcr Ihr Fahrzeug zum Preis von CHF 10.00 pro Aufenthalt an, die in den weissen Zonen (je nach Verf\u00fcgbarkeit). <b>Achtung:<\/b> Die Parkausweise sind <u>nicht g\u00fcltig<\/u> auf den f\u00fcnf wei\u00dfen Parkpl\u00e4tzen direkt gegen\u00fcber dem Hotel.<br \/> <br \/>\n<ul>\n\n\n\n<strong>Mit dem Zug:<\/strong><br \/>\n\nDas Hotel ist 5 Minuten von der Bahnstation Neuch\u00e2tel mit dem Fun'Ambule-Shuttle oder 10 Minuten zu Fu\u00df entfernt.<br \/><br \/>\n<strong>Mit dem Fahrrad:<\/strong><br \/>\n\nFahrradparkpl\u00e4tze sind kostenlos in einem Innenhof hinter dem Hotel verf\u00fcgbar. Diese sind nicht \u00fcberwacht. Sie k\u00f6nnen auch eine der beiden Fahrradstationen nutzen, die nur wenige Gehminuten vom Hotel entfernt sind.  <br \/> <br \/>\n<ul>\n \t<li><strong style=\"text-align: start\"><a style=\"text-align: start\" href=\"https:\/\/hoteldesarts.ch\/wp-content\/uploads\/sites\/4\/2023\/08\/Parking_velos_info_clients.pdf\" target=\"_blank\" rel=\"noopener\"><span class=\"ti_icon size-small corner-square icon-left icon-color-custom\"><i class=\"ti-angle-right\" style=\"color: #222;\"><\/i> <\/span>Mehr Informationen<\/a><\/strong><\/li>\n<\/ul><br \/>\n<h3>Besichtigungen und Transport:<\/h3>\n\nMit der Neuch\u00e2tel Tourist Card haben Sie kostenlosen Zugang zu Museen und \u00f6ffentlichen Verkehrsmitteln im Kanton (einschlie\u00dflich Schiff). Lassen Sie einfach Ihr Parkticket an der Hotelrezeption vor Ihrer Abreise validieren.<br \/> <br \/>\n<ul>\n \t<li><strong style=\"text-align: start\"><a style=\"text-align: start\" href=\"https:\/\/www.j3l.ch\/de\/Z10779\/neuenburg-tourist-card\" target=\"_blank\" rel=\"noopener\"><span class=\"ti_icon size-small corner-square icon-left icon-color-custom\"><i class=\"ti-angle-right\" style=\"color: #222;\"><\/i> <\/span>Webseite von Jura&amp;Trois-Lacs<\/a><\/strong><\/li>\n<\/ul><\/p>\r\n\t\t\t\t\t\t\t\t\t\t\t<\/div>\r\n\t\t\t\t\t<div class=\"col-md-5 mb-30 offset-md-1\">\r\n\t\t\t\t\t\t\t\t\t\t\t\t<h3>Contact<\/h3>\r\n\t\t\t\t\t\t\t\t\t\t\t\t\t\t\t\t\t\t\n<div class=\"wpcf7 no-js\" id=\"wpcf7-f4627-o1\" lang=\"fr-FR\" dir=\"ltr\">\n<div class=\"screen-reader-response\"><p role=\"status\" aria-live=\"polite\" aria-atomic=\"true\"><\/p> <ul><\/ul><\/div>\n<form action=\"\/de\/wp-json\/wp\/v2\/pages\/6703#wpcf7-f4627-o1\" method=\"post\" class=\"wpcf7-form init\" aria-label=\"Formulaire de contact\" novalidate=\"novalidate\" data-status=\"init\">\n<div style=\"display: none;\">\n<input type=\"hidden\" name=\"_wpcf7\" value=\"4627\" \/>\n<input type=\"hidden\" name=\"_wpcf7_version\" value=\"5.7.6\" \/>\n<input type=\"hidden\" name=\"_wpcf7_locale\" value=\"fr_FR\" \/>\n<input type=\"hidden\" name=\"_wpcf7_unit_tag\" value=\"wpcf7-f4627-o1\" \/>\n<input type=\"hidden\" name=\"_wpcf7_container_post\" value=\"0\" \/>\n<input type=\"hidden\" name=\"_wpcf7_posted_data_hash\" value=\"\" \/>\n<\/div>\n<form method=\"post\" class=\"contact__form\" action=\"mail.php\">\n    <!-- form message -->\n    <div class=\"row\">\n        <div class=\"col-12\">\n            <div class=\"alert alert-success contact__msg\" style=\"display: none\" role=\"alert\"> Ihre Nachricht wurde erfolgreich gesendet. <\/div>\n        <\/div>\n    <\/div>\n    <!-- form elements -->\n    <div class=\"row\">\n        <div class=\"col-md-6 form-group\">\n            <span class=\"wpcf7-form-control-wrap\" data-name=\"your-name\"><input size=\"40\" class=\"wpcf7-form-control wpcf7-text\" aria-invalid=\"false\" placeholder=\"Ihr Name *\" value=\"\" type=\"text\" name=\"your-name\" \/><\/span>\n        <\/div>\n        <div class=\"col-md-6 form-group\">\n            <span class=\"wpcf7-form-control-wrap\" data-name=\"your-email\"><input size=\"40\" class=\"wpcf7-form-control wpcf7-text wpcf7-email wpcf7-validates-as-required wpcf7-validates-as-email\" aria-required=\"true\" aria-invalid=\"false\" placeholder=\"Deine E-Mail *\" value=\"\" type=\"email\" name=\"your-email\" \/><\/span>\n        <\/div>\n        <div class=\"col-md-6 form-group\">\n            <span class=\"wpcf7-form-control-wrap\" data-name=\"your-phone\"><input size=\"40\" class=\"wpcf7-form-control wpcf7-text\" aria-invalid=\"false\" placeholder=\"Deine Nummer *\" value=\"\" type=\"text\" name=\"your-phone\" \/><\/span>\n        <\/div>\n        <div class=\"col-md-6 form-group\">\n            <span class=\"wpcf7-form-control-wrap\" data-name=\"your-subject\"><input size=\"40\" class=\"wpcf7-form-control wpcf7-text\" aria-invalid=\"false\" placeholder=\"Thema *\" value=\"\" type=\"text\" name=\"your-subject\" \/><\/span>\n        <\/div>\n        <div class=\"col-md-12 form-group\">\n            <span class=\"wpcf7-form-control-wrap\" data-name=\"your-message\"><textarea cols=\"40\" rows=\"10\" class=\"wpcf7-form-control wpcf7-textarea\" id=\"message\" aria-invalid=\"false\" name=\"your-message\">Nachricht *<\/textarea><\/span>\n        <\/div>\n        <div class=\"col-md-12\">\n            <input class=\"wpcf7-form-control has-spinner wpcf7-submit butn-dark\" type=\"submit\" value=\"Nachricht senden\" \/>\n        <\/div>\n    <\/div>\n<\/form><div class=\"wpcf7-response-output\" aria-hidden=\"true\"><\/div>\n<\/form>\n<\/div>\n\t\t\t\t\t\t\t\t\t\t\t<\/div>\r\n\t\t\t\t<\/div>\r\n\t\t\t\t<!-- Map Section -->\r\n\t\t\t\t\t\t\t\t<div class=\"row\">\r\n\t\t\t\t\t<div class=\"col-md-12 map animate-box\" data-animate-effect=\"fadeInUp\">\r\n\t\t\t\t\t\t<iframe src=\"https:\/\/www.google.com\/maps\/embed?pb=!1m18!1m12!1m3!1d2721.3998629714697!2d6.9344340774548545!3d46.99312107114013!2m3!1f0!2f0!3f0!3m2!1i1024!2i768!4f13.1!3m3!1m2!1s0x478e0a17bef22117%3A0x26d9fa9894e7e005!2sH%C3%B4tel%20des%20Arts!5e0!3m2!1sfr!2sch!4v1692690993245!5m2!1sfr!2sch\" width=\"100%\" height=\"600\" style=\"border:0;\" allowfullscreen=\"\" loading=\"lazy\"><\/iframe>\r\n\t\t\t\t\t<\/div>\r\n\t\t\t\t<\/div>\r\n\t\t\t\t\t\t\t<\/div>\r\n\t\t<\/section>\r\n\t\t\r\n\r\n\t\t\t<\/div>\n\t\t\t\t<\/div>\n\t\t\t\t\t<\/div>\n\t\t<\/div>\n\t\t\t\t\t\t\t<\/div>\n\t\t<\/section>\n\t\t\t\t<section class=\"elementor-section elementor-top-section elementor-element elementor-element-d6688db elementor-section-boxed elementor-section-height-default elementor-section-height-default\" data-id=\"d6688db\" data-element_type=\"section\">\n\t\t\t\t\t\t<div class=\"elementor-container elementor-column-gap-default\">\n\t\t\t\t\t<div class=\"elementor-column elementor-col-100 elementor-top-column elementor-element elementor-element-5ccfe01\" data-id=\"5ccfe01\" data-element_type=\"column\">\n\t\t\t<div class=\"elementor-widget-wrap elementor-element-populated\">\n\t\t\t\t\t\t\t\t<div class=\"elementor-element elementor-element-a705be5 elementor-widget elementor-widget-heading\" data-id=\"a705be5\" data-element_type=\"widget\" data-widget_type=\"heading.default\">\n\t\t\t\t<div class=\"elementor-widget-container\">\n\t\t\t<style>\/*! elementor - v3.9.1 - 14-12-2022 *\/\n.elementor-heading-title{padding:0;margin:0;line-height:1}.elementor-widget-heading .elementor-heading-title[class*=elementor-size-]>a{color:inherit;font-size:inherit;line-height:inherit}.elementor-widget-heading .elementor-heading-title.elementor-size-small{font-size:15px}.elementor-widget-heading .elementor-heading-title.elementor-size-medium{font-size:19px}.elementor-widget-heading .elementor-heading-title.elementor-size-large{font-size:29px}.elementor-widget-heading .elementor-heading-title.elementor-size-xl{font-size:39px}.elementor-widget-heading .elementor-heading-title.elementor-size-xxl{font-size:59px}<\/style><h2 class=\"elementor-heading-title elementor-size-default\">Unsere Einrichtungen in Neuch\u00e2tel<\/h2>\t\t<\/div>\n\t\t\t\t<\/div>\n\t\t\t\t\t<\/div>\n\t\t<\/div>\n\t\t\t\t\t\t\t<\/div>\n\t\t<\/section>\n\t\t\t\t<section class=\"elementor-section elementor-top-section elementor-element elementor-element-32ebe55 elementor-section-boxed elementor-section-height-default elementor-section-height-default\" data-id=\"32ebe55\" data-element_type=\"section\">\n\t\t\t\t\t\t<div class=\"elementor-container elementor-column-gap-default\">\n\t\t\t\t\t<div class=\"elementor-column elementor-col-20 elementor-top-column elementor-element elementor-element-624688d\" data-id=\"624688d\" data-element_type=\"column\">\n\t\t\t<div class=\"elementor-widget-wrap elementor-element-populated\">\n\t\t\t\t\t\t\t\t<div class=\"elementor-element elementor-element-93cf198 elementor-widget elementor-widget-image\" data-id=\"93cf198\" data-element_type=\"widget\" data-widget_type=\"image.default\">\n\t\t\t\t<div class=\"elementor-widget-container\">\n\t\t\t\t\t\t\t\t\t\t\t\t\t\t\t\t<a href=\"https:\/\/alpesetlac.ch\/\">\n\t\t\t\t\t\t\t<img decoding=\"async\" width=\"400\" height=\"250\" src=\"https:\/\/hoteldesarts.ch\/wp-content\/uploads\/sites\/4\/2023\/08\/Logo_AL.png\" class=\"attachment-full size-full wp-image-6037\" alt=\"\" loading=\"lazy\" srcset=\"https:\/\/hoteldesarts.ch\/wp-content\/uploads\/sites\/4\/2023\/08\/Logo_AL.png 400w, https:\/\/hoteldesarts.ch\/wp-content\/uploads\/sites\/4\/2023\/08\/Logo_AL-300x188.png 300w\" sizes=\"(max-width: 400px) 100vw, 400px\" \/>\t\t\t\t\t\t\t\t<\/a>\n\t\t\t\t\t\t\t\t\t\t\t\t\t\t\t<\/div>\n\t\t\t\t<\/div>\n\t\t\t\t\t<\/div>\n\t\t<\/div>\n\t\t\t\t<div class=\"elementor-column elementor-col-20 elementor-top-column elementor-element elementor-element-1c8cb8d\" data-id=\"1c8cb8d\" data-element_type=\"column\">\n\t\t\t<div class=\"elementor-widget-wrap elementor-element-populated\">\n\t\t\t\t\t\t\t\t<div class=\"elementor-element elementor-element-014d3a1 elementor-widget elementor-widget-image\" data-id=\"014d3a1\" data-element_type=\"widget\" data-widget_type=\"image.default\">\n\t\t\t\t<div class=\"elementor-widget-container\">\n\t\t\t\t\t\t\t\t\t\t\t\t\t\t\t\t<a href=\"https:\/\/hotelarnold.ch\/\">\n\t\t\t\t\t\t\t<img decoding=\"async\" width=\"400\" height=\"250\" src=\"https:\/\/hoteldesarts.ch\/wp-content\/uploads\/sites\/4\/2025\/03\/ArnoldCo_site_ref.jpg\" class=\"attachment-full size-full wp-image-8495\" alt=\"\" loading=\"lazy\" srcset=\"https:\/\/hoteldesarts.ch\/wp-content\/uploads\/sites\/4\/2025\/03\/ArnoldCo_site_ref.jpg 400w, https:\/\/hoteldesarts.ch\/wp-content\/uploads\/sites\/4\/2025\/03\/ArnoldCo_site_ref-300x188.jpg 300w\" sizes=\"(max-width: 400px) 100vw, 400px\" \/>\t\t\t\t\t\t\t\t<\/a>\n\t\t\t\t\t\t\t\t\t\t\t\t\t\t\t<\/div>\n\t\t\t\t<\/div>\n\t\t\t\t\t<\/div>\n\t\t<\/div>\n\t\t\t\t<div class=\"elementor-column elementor-col-20 elementor-top-column elementor-element elementor-element-da13b05\" data-id=\"da13b05\" data-element_type=\"column\">\n\t\t\t<div class=\"elementor-widget-wrap elementor-element-populated\">\n\t\t\t\t\t\t\t\t<div class=\"elementor-element elementor-element-3a583ce elementor-widget elementor-widget-image\" data-id=\"3a583ce\" data-element_type=\"widget\" data-widget_type=\"image.default\">\n\t\t\t\t<div class=\"elementor-widget-container\">\n\t\t\t\t\t\t\t\t\t\t\t\t\t\t\t\t<a href=\"https:\/\/laterrasse-restaurant.ch\/\">\n\t\t\t\t\t\t\t<img decoding=\"async\" width=\"400\" height=\"250\" src=\"https:\/\/hoteldesarts.ch\/wp-content\/uploads\/sites\/4\/2023\/07\/Logo_LaTerrasse.png\" class=\"attachment-full size-full wp-image-4718\" alt=\"\" loading=\"lazy\" srcset=\"https:\/\/hoteldesarts.ch\/wp-content\/uploads\/sites\/4\/2023\/07\/Logo_LaTerrasse.png 400w, https:\/\/hoteldesarts.ch\/wp-content\/uploads\/sites\/4\/2023\/07\/Logo_LaTerrasse-300x188.png 300w\" sizes=\"(max-width: 400px) 100vw, 400px\" \/>\t\t\t\t\t\t\t\t<\/a>\n\t\t\t\t\t\t\t\t\t\t\t\t\t\t\t<\/div>\n\t\t\t\t<\/div>\n\t\t\t\t\t<\/div>\n\t\t<\/div>\n\t\t\t\t<div class=\"elementor-column elementor-col-20 elementor-top-column elementor-element elementor-element-0b2475d\" data-id=\"0b2475d\" data-element_type=\"column\">\n\t\t\t<div class=\"elementor-widget-wrap elementor-element-populated\">\n\t\t\t\t\t\t\t\t<div class=\"elementor-element elementor-element-5da7c4d elementor-widget elementor-widget-image\" data-id=\"5da7c4d\" data-element_type=\"widget\" data-widget_type=\"image.default\">\n\t\t\t\t<div class=\"elementor-widget-container\">\n\t\t\t\t\t\t\t\t\t\t\t\t\t\t\t\t<a href=\"https:\/\/lebart.ch\/fr\/\">\n\t\t\t\t\t\t\t<img decoding=\"async\" width=\"400\" height=\"250\" src=\"https:\/\/hoteldesarts.ch\/wp-content\/uploads\/sites\/4\/2023\/07\/Logo_BArt.png\" class=\"attachment-full size-full wp-image-4700\" alt=\"\" loading=\"lazy\" srcset=\"https:\/\/hoteldesarts.ch\/wp-content\/uploads\/sites\/4\/2023\/07\/Logo_BArt.png 400w, https:\/\/hoteldesarts.ch\/wp-content\/uploads\/sites\/4\/2023\/07\/Logo_BArt-300x188.png 300w\" sizes=\"(max-width: 400px) 100vw, 400px\" \/>\t\t\t\t\t\t\t\t<\/a>\n\t\t\t\t\t\t\t\t\t\t\t\t\t\t\t<\/div>\n\t\t\t\t<\/div>\n\t\t\t\t\t<\/div>\n\t\t<\/div>\n\t\t\t\t<div class=\"elementor-column elementor-col-20 elementor-top-column elementor-element elementor-element-02e728a\" data-id=\"02e728a\" data-element_type=\"column\">\n\t\t\t<div class=\"elementor-widget-wrap elementor-element-populated\">\n\t\t\t\t\t\t\t\t<div class=\"elementor-element elementor-element-db10750 elementor-widget elementor-widget-image\" data-id=\"db10750\" data-element_type=\"widget\" data-widget_type=\"image.default\">\n\t\t\t\t<div class=\"elementor-widget-container\">\n\t\t\t\t\t\t\t\t\t\t\t\t\t\t\t<img decoding=\"async\" width=\"400\" height=\"250\" src=\"https:\/\/hoteldesarts.ch\/wp-content\/uploads\/sites\/4\/2024\/06\/Logo_Swisstainable_site_v2.png\" class=\"attachment-full size-full wp-image-8086\" alt=\"\" loading=\"lazy\" srcset=\"https:\/\/hoteldesarts.ch\/wp-content\/uploads\/sites\/4\/2024\/06\/Logo_Swisstainable_site_v2.png 400w, https:\/\/hoteldesarts.ch\/wp-content\/uploads\/sites\/4\/2024\/06\/Logo_Swisstainable_site_v2-300x188.png 300w\" sizes=\"(max-width: 400px) 100vw, 400px\" \/>\t\t\t\t\t\t\t\t\t\t\t\t\t\t\t<\/div>\n\t\t\t\t<\/div>\n\t\t\t\t\t<\/div>\n\t\t<\/div>\n\t\t\t\t\t\t\t<\/div>\n\t\t<\/section>\n\t\t\t\t\t\t\t<\/div>\n\t\t","protected":false},"excerpt":{"rendered":"<p>Kontakt Buchung 032 727 61 61 E-Mail info@hoteldesarts.ch AdresseRue J.-L. Pourtal\u00e8s 3 2000 Neuch\u00e2tel Anreise: Mit dem Auto: Wir haben keine privaten Parkpl\u00e4tze, bieten Ihnen jedoch bei Ihrer Ankunft eine Parkgenehmigung f\u00fcr Ihr Fahrzeug zum Preis von CHF 10.00 pro Aufenthalt an, die in den weissen Zonen (je nach Verf\u00fcgbarkeit). Achtung: Die Parkausweise sind nicht [&hellip;]<\/p>\n","protected":false},"author":1,"featured_media":0,"parent":0,"menu_order":0,"comment_status":"closed","ping_status":"closed","template":"page-templates\/home.php","meta":[],"acf":[],"_links":{"self":[{"href":"https:\/\/hoteldesarts.ch\/de\/wp-json\/wp\/v2\/pages\/6703"}],"collection":[{"href":"https:\/\/hoteldesarts.ch\/de\/wp-json\/wp\/v2\/pages"}],"about":[{"href":"https:\/\/hoteldesarts.ch\/de\/wp-json\/wp\/v2\/types\/page"}],"author":[{"embeddable":true,"href":"https:\/\/hoteldesarts.ch\/de\/wp-json\/wp\/v2\/users\/1"}],"replies":[{"embeddable":true,"href":"https:\/\/hoteldesarts.ch\/de\/wp-json\/wp\/v2\/comments?post=6703"}],"version-history":[{"count":28,"href":"https:\/\/hoteldesarts.ch\/de\/wp-json\/wp\/v2\/pages\/6703\/revisions"}],"predecessor-version":[{"id":8983,"href":"https:\/\/hoteldesarts.ch\/de\/wp-json\/wp\/v2\/pages\/6703\/revisions\/8983"}],"wp:attachment":[{"href":"https:\/\/hoteldesarts.ch\/de\/wp-json\/wp\/v2\/media?parent=6703"}],"curies":[{"name":"wp","href":"https:\/\/api.w.org\/{rel}","templated":true}]}}